{"id":598,"date":"2018-11-07T21:42:31","date_gmt":"2018-11-07T21:42:31","guid":{"rendered":"https:\/\/grupokmm.com?page_id=598"},"modified":"2021-06-02T18:31:11","modified_gmt":"2021-06-02T18:31:11","slug":"logistik_park","status":"publish","type":"page","link":"https:\/\/grupokmm.com\/es\/logistik_park\/","title":{"rendered":"LOGISTIK PARK"},"content":{"rendered":"<p>[vc_row full_width=\u00bbstretch_row\u00bb isfullwidth=\u00bb0&#8243; css=\u00bb.vc_custom_1541609034403{padding-top: 40px !important;padding-bottom: 40px !important;background-color: #ffffff !important;}\u00bb][vc_column width=\u00bb1\/4&#8243; offset=\u00bbvc_col-lg-3 vc_col-md-3&#8243;][vc_empty_space][vc_single_image image=\u00bb717&#8243; img_size=\u00bbfull\u00bb][vc_empty_space height=\u00bb40px\u00bb][\/vc_column][vc_column width=\u00bb1\/4&#8243;][\/vc_column][vc_column width=\u00bb1\/4&#8243;][\/vc_column][vc_column width=\u00bb1\/4&#8243;][vc_empty_space][vc_btn title=\u00bbIR AL SITIO OFICIAL\u00bb style=\u00bbclassic\u00bb shape=\u00bbround\u00bb color=\u00bbchino\u00bb align=\u00bbcenter\u00bb el_class=\u00bbbtn-dorado\u00bb link=\u00bburl:http%3A%2F%2Flogistikpark.com.mx%2F|||\u00bb][vc_empty_space height=\u00bb40px\u00bb][\/vc_column][\/vc_row][vc_row][vc_column][vc_column_text]<\/p>\n<h2>Sector Inmobiliario<\/h2>\n<p>Logistik Parque Industrial, es el espacio industrial m\u00e1s grande de M\u00e9xico, con la infraestructura m\u00e1s extensa en la regi\u00f3n, posicion\u00e1ndolo como la opci\u00f3n m\u00e1s competitiva para hacer negocios en M\u00e9xico al ofrecer \u00abTodo en un solo lugar\u00bb.<\/p>\n<p>Se cuenta con una central el\u00e9ctrica altamente eficiente, con la mejor relaci\u00f3n costo\/beneficio del Mercado nacional.[\/vc_column_text][vc_empty_space height=\u00bb40px\u00bb][\/vc_column][\/vc_row][vc_row full_width=\u00bbstretch_row_content_no_spaces\u00bb][vc_column width=\u00bb1\/2&#8243;][vc_single_image image=\u00bb1163&#8243; img_size=\u00bb900&#215;300&#8243; alignment=\u00bbcenter\u00bb][\/vc_column][vc_column width=\u00bb1\/2&#8243;][vc_single_image image=\u00bb1162&#8243; img_size=\u00bb900&#215;300&#8243; alignment=\u00bbcenter\u00bb][\/vc_column][\/vc_row]<\/p>\n","protected":false},"excerpt":{"rendered":"<p>[vc_row full_width=\u00bbstretch_row\u00bb isfullwidth=\u00bb0&#8243; css=\u00bb.vc_custom_1541609034403{padding-top: 40px !important;padding-bottom: 40px !important;background-color: #ffffff !important;}\u00bb][vc_column width=\u00bb1\/4&#8243; offset=\u00bbvc_col-lg-3 vc_col-md-3&#8243;][vc_empty_space][vc_single_image image=\u00bb717&#8243; img_size=\u00bbfull\u00bb][vc_empty_space height=\u00bb40px\u00bb][\/vc_column][vc_column width=\u00bb1\/4&#8243;][\/vc_column][vc_column width=\u00bb1\/4&#8243;][\/vc_column][vc_column width=\u00bb1\/4&#8243;][vc_empty_space][vc_btn title=\u00bbIR AL SITIO OFICIAL\u00bb style=\u00bbclassic\u00bb shape=\u00bbround\u00bb color=\u00bbchino\u00bb align=\u00bbcenter\u00bb el_class=\u00bbbtn-dorado\u00bb link=\u00bburl:http%3A%2F%2Flogistikpark.com.mx%2F|||\u00bb][vc_empty_space height=\u00bb40px\u00bb][\/vc_column][\/vc_row][vc_row][vc_column][vc_column_text] Sector Inmobiliario Logistik Parque Industrial, es el espacio industrial m\u00e1s grande de M\u00e9xico, con la infraestructura m\u00e1s extensa en la regi\u00f3n, posicion\u00e1ndolo como la opci\u00f3n &hellip; <a href=\"https:\/\/grupokmm.com\/es\/logistik_park\/\" class=\"more-link\">Continue reading <span class=\"screen-reader-text\">LOGISTIK PARK<\/span><span class=\"meta-nav\">&rarr;<\/span><\/a><\/p>\n","protected":false},"author":1,"featured_media":0,"parent":0,"menu_order":0,"comment_status":"closed","ping_status":"closed","template":"","meta":[],"_links":{"self":[{"href":"https:\/\/grupokmm.com\/es\/wp-json\/wp\/v2\/pages\/598"}],"collection":[{"href":"https:\/\/grupokmm.com\/es\/wp-json\/wp\/v2\/pages"}],"about":[{"href":"https:\/\/grupokmm.com\/es\/wp-json\/wp\/v2\/types\/page"}],"author":[{"embeddable":true,"href":"https:\/\/grupokmm.com\/es\/wp-json\/wp\/v2\/users\/1"}],"replies":[{"embeddable":true,"href":"https:\/\/grupokmm.com\/es\/wp-json\/wp\/v2\/comments?post=598"}],"version-history":[{"count":31,"href":"https:\/\/grupokmm.com\/es\/wp-json\/wp\/v2\/pages\/598\/revisions"}],"predecessor-version":[{"id":1164,"href":"https:\/\/grupokmm.com\/es\/wp-json\/wp\/v2\/pages\/598\/revisions\/1164"}],"wp:attachment":[{"href":"https:\/\/grupokmm.com\/es\/wp-json\/wp\/v2\/media?parent=598"}],"curies":[{"name":"wp","href":"https:\/\/api.w.org\/{rel}","templated":true}]}}