{"id":546,"date":"2018-11-07T18:51:51","date_gmt":"2018-11-07T18:51:51","guid":{"rendered":"https:\/\/grupokmm.com?page_id=546"},"modified":"2019-02-20T23:43:13","modified_gmt":"2019-02-20T23:43:13","slug":"logistik_jalisco","status":"publish","type":"page","link":"https:\/\/grupokmm.com\/es\/logistik_jalisco\/","title":{"rendered":"LOGISTIK JALISCO"},"content":{"rendered":"<p>[vc_row full_width=\u00bbstretch_row\u00bb isfullwidth=\u00bb0&#8243; css=\u00bb.vc_custom_1541609034403{padding-top: 40px !important;padding-bottom: 40px !important;background-color: #ffffff !important;}\u00bb][vc_column width=\u00bb1\/4&#8243; offset=\u00bbvc_col-lg-3 vc_col-md-3&#8243;][vc_empty_space][vc_single_image image=\u00bb548&#8243; img_size=\u00bbfull\u00bb][vc_empty_space height=\u00bb40px\u00bb][\/vc_column][vc_column width=\u00bb1\/4&#8243;][\/vc_column][vc_column width=\u00bb1\/4&#8243;][\/vc_column][vc_column width=\u00bb1\/4&#8243;][vc_empty_space][vc_btn title=\u00bbIR AL SITIO OFICIAL\u00bb style=\u00bbclassic\u00bb shape=\u00bbround\u00bb color=\u00bbchino\u00bb align=\u00bbcenter\u00bb el_class=\u00bbbtn-dorado\u00bb link=\u00bburl:http%3A%2F%2Fwww.clj.mx%2F|||\u00bb][vc_empty_space height=\u00bb40px\u00bb][\/vc_column][\/vc_row][vc_row][vc_column][vc_column_text]<\/p>\n<h2>Sector Inmobiliario<\/h2>\n<p>Uno de los cuatro parques industriales m\u00e1s grandes de M\u00e9xico. Ofrece condiciones \u00f3ptimas para aquellas industrias que requieren un robusto soporte operativo.<\/p>\n<p>La cercan\u00eda a las ciudades, puertos y fronteras m\u00e1s importantes de M\u00e9xico le permite conectar al comercio nacional\u00a0 e internacional, ya sea por medio de la red carretera, red ferroviaria, a trav\u00e9s del puerto de Manzanillo o del Aeropuerto Internacional de Guadalajara<\/p>\n<p>El desarrollo comprende hect\u00e1reas destinadas a lotes industriales, semiurbanizados y de servicios.<\/p>\n<p>Parque Industrial CLJ ofrece condiciones \u00f3ptimas para aquellas industrias que requieren un robusto soporte operativo, su desarrollo comprende hect\u00e1reas destinadas a lotes industriales, semiurbanizados y de servicios.<\/p>\n<p>Las empresas que operan en el parque se ven beneficiadas mediante:<\/p>\n<p>Infraestructura y servicios de primer nivel que facilitan el inicio y operaci\u00f3n de las empresas.<\/p>\n<ul>\n<li>Concentraci\u00f3n de usos industriales.<\/li>\n<li>Accesos controlados y vigilancia permanente.<\/li>\n<li>Complementaci\u00f3n industrial y sinergia entre las empresas.<\/li>\n<li>Entorno industrial de buenas pr\u00e1cticas.<\/li>\n<\/ul>\n<p>[\/vc_column_text][vc_empty_space height=\u00bb40px\u00bb][\/vc_column][\/vc_row][vc_row full_width=\u00bbstretch_row_content_no_spaces\u00bb][vc_column width=\u00bb1\/2&#8243;][vc_single_image image=\u00bb654&#8243; img_size=\u00bbfull\u00bb alignment=\u00bbcenter\u00bb][\/vc_column][vc_column width=\u00bb1\/2&#8243;][vc_single_image image=\u00bb793&#8243; img_size=\u00bbfull\u00bb alignment=\u00bbcenter\u00bb][\/vc_column][\/vc_row]<\/p>\n","protected":false},"excerpt":{"rendered":"<p>[vc_row full_width=\u00bbstretch_row\u00bb isfullwidth=\u00bb0&#8243; css=\u00bb.vc_custom_1541609034403{padding-top: 40px !important;padding-bottom: 40px !important;background-color: #ffffff !important;}\u00bb][vc_column width=\u00bb1\/4&#8243; offset=\u00bbvc_col-lg-3 vc_col-md-3&#8243;][vc_empty_space][vc_single_image image=\u00bb548&#8243; img_size=\u00bbfull\u00bb][vc_empty_space height=\u00bb40px\u00bb][\/vc_column][vc_column width=\u00bb1\/4&#8243;][\/vc_column][vc_column width=\u00bb1\/4&#8243;][\/vc_column][vc_column width=\u00bb1\/4&#8243;][vc_empty_space][vc_btn title=\u00bbIR AL SITIO OFICIAL\u00bb style=\u00bbclassic\u00bb shape=\u00bbround\u00bb color=\u00bbchino\u00bb align=\u00bbcenter\u00bb el_class=\u00bbbtn-dorado\u00bb link=\u00bburl:http%3A%2F%2Fwww.clj.mx%2F|||\u00bb][vc_empty_space height=\u00bb40px\u00bb][\/vc_column][\/vc_row][vc_row][vc_column][vc_column_text] Sector Inmobiliario Uno de los cuatro parques industriales m\u00e1s grandes de M\u00e9xico. Ofrece condiciones \u00f3ptimas para aquellas industrias que requieren un robusto soporte operativo. La &hellip; <a href=\"https:\/\/grupokmm.com\/es\/logistik_jalisco\/\" class=\"more-link\">Continue reading <span class=\"screen-reader-text\">LOGISTIK JALISCO<\/span><span class=\"meta-nav\">&rarr;<\/span><\/a><\/p>\n","protected":false},"author":1,"featured_media":0,"parent":0,"menu_order":0,"comment_status":"closed","ping_status":"closed","template":"","meta":[],"_links":{"self":[{"href":"https:\/\/grupokmm.com\/es\/wp-json\/wp\/v2\/pages\/546"}],"collection":[{"href":"https:\/\/grupokmm.com\/es\/wp-json\/wp\/v2\/pages"}],"about":[{"href":"https:\/\/grupokmm.com\/es\/wp-json\/wp\/v2\/types\/page"}],"author":[{"embeddable":true,"href":"https:\/\/grupokmm.com\/es\/wp-json\/wp\/v2\/users\/1"}],"replies":[{"embeddable":true,"href":"https:\/\/grupokmm.com\/es\/wp-json\/wp\/v2\/comments?post=546"}],"version-history":[{"count":38,"href":"https:\/\/grupokmm.com\/es\/wp-json\/wp\/v2\/pages\/546\/revisions"}],"predecessor-version":[{"id":881,"href":"https:\/\/grupokmm.com\/es\/wp-json\/wp\/v2\/pages\/546\/revisions\/881"}],"wp:attachment":[{"href":"https:\/\/grupokmm.com\/es\/wp-json\/wp\/v2\/media?parent=546"}],"curies":[{"name":"wp","href":"https:\/\/api.w.org\/{rel}","templated":true}]}}